{"id":4533,"date":"2026-03-02T13:37:13","date_gmt":"2026-03-02T05:37:13","guid":{"rendered":"https:\/\/www.stuffplush.com\/?page_id=4533"},"modified":"2026-03-02T13:42:02","modified_gmt":"2026-03-02T05:42:02","slug":"download","status":"publish","type":"page","link":"https:\/\/www.stuffplush.com\/fr\/download\/","title":{"rendered":"[T\u00c9L\u00c9CHARGER]"},"content":{"rendered":"<div data-elementor-type=\"wp-page\" data-elementor-id=\"4533\" class=\"elementor elementor-4533\" data-elementor-post-type=\"page\">\n\t\t\t\t<div data-particle_enable=\"false\" data-particle-mobile-disabled=\"false\" class=\"elementor-element elementor-element-27ec772 e-flex e-con-boxed e-con e-parent\" data-id=\"27ec772\" data-element_type=\"container\" data-settings=\"{&quot;ekit_has_onepagescroll_dot&quot;:&quot;yes&quot;}\">\n\t\t\t\t\t<div class=\"e-con-inner\">\n\t\t\t\t<div class=\"elementor-element elementor-element-fa1be84 elementor-widget elementor-widget-heading\" data-id=\"fa1be84\" data-element_type=\"widget\" data-settings=\"{&quot;ekit_we_effect_on&quot;:&quot;none&quot;}\" data-widget_type=\"heading.default\">\n\t\t\t\t<div class=\"elementor-widget-container\">\n\t\t\t\t\t<h2 class=\"elementor-heading-title elementor-size-default\">Il vous suffit de remplir le formulaire, puis vous pourrez <br>t\u00e9l\u00e9charger le fichier.\n<\/h2>\t\t\t\t<\/div>\n\t\t\t\t<\/div>\n\t\t\t\t<div class=\"elementor-element elementor-element-141b791 elementor-widget elementor-widget-wpforms\" data-id=\"141b791\" data-element_type=\"widget\" data-settings=\"{&quot;ekit_we_effect_on&quot;:&quot;none&quot;}\" data-widget_type=\"wpforms.default\">\n\t\t\t\t<div class=\"elementor-widget-container\">\n\t\t\t\t\t<div class=\"wpforms-container wpforms-container-full\" id=\"wpforms-4524\"><form id=\"wpforms-form-4524\" class=\"wpforms-validate wpforms-form wpforms-ajax-form\" data-formid=\"4524\" method=\"post\" enctype=\"multipart\/form-data\" action=\"\/fr\/wp-json\/wp\/v2\/pages\/4533\" data-token=\"561ffb0e3b4674b3a401298f553a5cef\" data-token-time=\"1776198376\" data-trp-original-action=\"\/fr\/wp-json\/wp\/v2\/pages\/4533\"><noscript class=\"wpforms-error-noscript\">Veuillez activer JavaScript dans votre navigateur pour remplir ce formulaire.<\/noscript><div class=\"wpforms-field-container\"><div id=\"wpforms-4524-field_1-container\" class=\"wpforms-field wpforms-field-text\" data-field-id=\"1\"><label class=\"wpforms-field-label wpforms-label-hide\" for=\"wpforms-4524-field_1\">Nom<\/label><input type=\"text\" id=\"wpforms-4524-field_1\" class=\"wpforms-field-large\" name=\"wpforms[fields][1]\" placeholder=\"Votre nom*\" ><\/div><div id=\"wpforms-4524-field_2-container\" class=\"wpforms-field wpforms-field-email\" data-field-id=\"2\"><label class=\"wpforms-field-label wpforms-label-hide\" for=\"wpforms-4524-field_2\">Courriel <span class=\"wpforms-required-label\">*<\/span><\/label><input type=\"email\" id=\"wpforms-4524-field_2\" class=\"wpforms-field-large wpforms-field-required\" name=\"wpforms[fields][2]\" placeholder=\"Votre courriel*\" spellcheck=\"false\" required><\/div><div id=\"wpforms-4524-field_3-container\" class=\"wpforms-field wpforms-field-phone\" data-field-id=\"3\"><label class=\"wpforms-field-label wpforms-label-hide\" for=\"wpforms-4524-field_3\">T\u00e9l\u00e9phone<\/label><input type=\"tel\" id=\"wpforms-4524-field_3\" class=\"wpforms-field-large\" data-rule-int-phone-field=\"true\" name=\"wpforms[fields][3]\" placeholder=\"T\u00e9l\u00e9phone\" aria-label=\"T\u00e9l\u00e9phone\" ><\/div><div id=\"wpforms-4524-field_11-container\" class=\"wpforms-field wpforms-field-text\" data-field-id=\"11\"><label class=\"wpforms-field-label wpforms-label-hide\" for=\"wpforms-4524-field_11\">Entreprise<\/label><input type=\"text\" id=\"wpforms-4524-field_11\" class=\"wpforms-field-large\" name=\"wpforms[fields][11]\" placeholder=\"Entreprise\" ><\/div><div id=\"wpforms-4524-field_17-container\" class=\"wpforms-field wpforms-field-select wpforms-field-select-style-classic\" data-field-id=\"17\"><label class=\"wpforms-field-label wpforms-label-hide\" for=\"wpforms-4524-field_17\">Quantit\u00e9<\/label><select id=\"wpforms-4524-field_17\" class=\"wpforms-field-large\" name=\"wpforms[fields][17]\"><option value=\"\" class=\"placeholder\" disabled selected='selected'>Quantit\u00e9 achet\u00e9e<\/option><option value=\"1000-2000\" >1000-2000<\/option><option value=\"2000-3000\" >2000-3000<\/option><option value=\"Over 3000\" >Plus de 3000<\/option><\/select><\/div><div id=\"wpforms-4524-field_4-container\" class=\"wpforms-field wpforms-field-textarea\" data-field-id=\"4\"><label class=\"wpforms-field-label wpforms-label-hide\" for=\"wpforms-4524-field_4\">Message<\/label><textarea id=\"wpforms-4524-field_4\" class=\"wpforms-field-large\" name=\"wpforms[fields][4]\" placeholder=\"Votre message*\" ><\/textarea><\/div><div id=\"wpforms-4524-field_6-container\" class=\"wpforms-field wpforms-field-hidden\" data-field-id=\"6\"><input type=\"hidden\" id=\"wpforms-4524-field_6\" name=\"wpforms[fields][6]\" value=\"https:\/\/www.stuffplush.com\/fr\/wp-json\/wp\/v2\/pages\/4533\"><\/div><div id=\"wpforms-4524-field_5-container\" class=\"wpforms-field wpforms-field-hidden\" data-field-id=\"5\"><input type=\"hidden\" id=\"wpforms-4524-field_5\" name=\"wpforms[fields][5]\" value=\"216.73.216.136\"><\/div><\/div><!-- .wpforms-field-container --><div class=\"wpforms-recaptcha-container wpforms-is-turnstile\" ><div class=\"g-recaptcha\" data-sitekey=\"0x4AAAAAAA_dbgHsAp9nPAK-\" data-action=\"FormID-4524\"><\/div><input type=\"text\" name=\"g-recaptcha-hidden\" class=\"wpforms-recaptcha-hidden\" style=\"position:absolute!important;clip:rect(0,0,0,0)!important;height:1px!important;width:1px!important;border:0!important;overflow:hidden!important;padding:0!important;margin:0!important;\" data-rule-turnstile=\"1\"><\/div><div class=\"wpforms-submit-container\" ><input type=\"hidden\" name=\"wpforms[id]\" value=\"4524\"><input type=\"hidden\" name=\"page_title\" value=\"\"><input type=\"hidden\" name=\"page_url\" value=\"https:\/\/www.stuffplush.com\/fr\/wp-json\/wp\/v2\/pages\/4533\"><button type=\"submit\" name=\"wpforms[submit]\" id=\"wpforms-submit-4524\" class=\"wpforms-submit\" data-alt-text=\"Sending...\" data-submit-text=\"Submit Now\" aria-live=\"assertive\" value=\"wpforms-submit\">Soumettre<\/button><img decoding=\"async\" src=\"https:\/\/www.stuffplush.com\/wp-content\/plugins\/wpforms\/assets\/images\/submit-spin.svg\" class=\"wpforms-submit-spinner\" style=\"display: none;\" width=\"26\" height=\"26\" alt=\"Chargement en cours\"><\/div><input type=\"hidden\" name=\"trp-form-language\" value=\"fr\"\/><\/form><\/div>  <!-- .wpforms-container -->\t\t\t\t<\/div>\n\t\t\t\t<\/div>\n\t\t\t\t\t<\/div>\n\t\t\t\t<\/div>\n\t\t\t\t<\/div>","protected":false},"excerpt":{"rendered":"<p>Il vous suffit de remplir le formulaire, puis vous pourrez t\u00e9l\u00e9charger le fichier. Veuillez activer JavaScript dans votre navigateur pour compl\u00e9ter ce formulaire. NomE-mail *T\u00e9l\u00e9phone EntrepriseQuantit\u00e9Quantit\u00e9 d'achat1000-20002000-3000Plus de 3000Message Soumettre maintenant<\/p>","protected":false},"author":1,"featured_media":0,"parent":0,"menu_order":0,"comment_status":"closed","ping_status":"closed","template":"","meta":{"_acf_changed":false,"footnotes":""},"class_list":["post-4533","page","type-page","status-publish","hentry"],"acf":[],"_links":{"self":[{"href":"https:\/\/www.stuffplush.com\/fr\/wp-json\/wp\/v2\/pages\/4533","targetHints":{"allow":["GET"]}}],"collection":[{"href":"https:\/\/www.stuffplush.com\/fr\/wp-json\/wp\/v2\/pages"}],"about":[{"href":"https:\/\/www.stuffplush.com\/fr\/wp-json\/wp\/v2\/types\/page"}],"author":[{"embeddable":true,"href":"https:\/\/www.stuffplush.com\/fr\/wp-json\/wp\/v2\/users\/1"}],"replies":[{"embeddable":true,"href":"https:\/\/www.stuffplush.com\/fr\/wp-json\/wp\/v2\/comments?post=4533"}],"version-history":[{"count":0,"href":"https:\/\/www.stuffplush.com\/fr\/wp-json\/wp\/v2\/pages\/4533\/revisions"}],"wp:attachment":[{"href":"https:\/\/www.stuffplush.com\/fr\/wp-json\/wp\/v2\/media?parent=4533"}],"curies":[{"name":"wp","href":"https:\/\/api.w.org\/{rel}","templated":true}]}}